{"id":4773,"date":"2019-06-19T11:15:40","date_gmt":"2019-06-19T10:15:40","guid":{"rendered":"https:\/\/cvekarna.si\/o-nas\/"},"modified":"2023-12-14T14:26:50","modified_gmt":"2023-12-14T13:26:50","slug":"ueber-uns","status":"publish","type":"page","link":"https:\/\/www.cvekarna.si\/de\/ueber-uns\/","title":{"rendered":"\u00dcber uns"},"content":{"rendered":"\t\t<div data-elementor-type=\"wp-page\" data-elementor-id=\"4773\" class=\"elementor elementor-4773 elementor-21\">\n\t\t\t\t\t\t<section class=\"elementor-section elementor-top-section elementor-element elementor-element-d2ee029 elementor-section-content-middle elementor-reverse-tablet elementor-reverse-mobile elementor-section-boxed elementor-section-height-default elementor-section-height-default xts-section-disabled\" data-id=\"d2ee029\" data-element_type=\"section\">\n\t\t\t\t\t\t<div class=\"elementor-container elementor-column-gap-wider\">\n\t\t\t\t\t<div class=\"elementor-column elementor-col-50 elementor-top-column elementor-element elementor-element-b8b5075\" data-id=\"b8b5075\" data-element_type=\"column\">\n\t\t\t<div class=\"elementor-widget-wrap elementor-element-populated\">\n\t\t\t\t\t\t<div class=\"elementor-element elementor-element-3a5a684d elementor-widget elementor-widget-xts_title\" data-id=\"3a5a684d\" data-element_type=\"widget\" data-widget_type=\"xts_title.default\">\n\t\t\t\t<div class=\"elementor-widget-container\">\n\t\t\t\t\t\t<div class=\"xts-section-heading xts-reset-mb-10 xts-reset-last xts-textalign-left\" data-animation-delay=\"\">\r\n\t\t\t\t\r\n\t\t\t\t\t\t\t\t\t<h4 class=\"xts-section-title title xts-design-default xts-fontsize-xl\">\r\n\t\t\t\t\t\t<span class=\"xts-section-title-text\" data-elementor-setting-key=\"title\">\r\n\t\t\t\t\t\t\t\u00dcber uns\t\t\t\t\t\t<\/span>\r\n\r\n\t\t\t\t\t\t\t\t\t\t\t<\/h4>\r\n\t\t\t\t\r\n\t\t\t\t\r\n\t\t\t\t\t\t\t<\/div>\r\n\t\t\t\t<\/div>\n\t\t\t\t<\/div>\n\t\t\t\t<div class=\"elementor-element elementor-element-70cf4630 elementor-widget-tablet__width-inherit xts-scheme-inherit xts-textalign-inherit elementor-widget elementor-widget-text-editor\" data-id=\"70cf4630\" data-element_type=\"widget\" data-widget_type=\"text-editor.default\">\n\t\t\t\t<div class=\"elementor-widget-container\">\n\t\t\t\t\t\t\t<p>Das Unternehmen Cvekarna d.o.o. ist im Bereich Holzverarbeitung t\u00e4tig<\/p>\t\t\t\t\t\t<\/div>\n\t\t\t\t<\/div>\n\t\t\t\t<div class=\"elementor-element elementor-element-82ee98d elementor-widget-tablet__width-inherit xts-scheme-inherit xts-textalign-inherit elementor-widget elementor-widget-text-editor\" data-id=\"82ee98d\" data-element_type=\"widget\" data-widget_type=\"text-editor.default\">\n\t\t\t\t<div class=\"elementor-widget-container\">\n\t\t\t\t\t\t\t<p>Seit der Gr\u00fcndung des Unternehmens im Jahr 2005 setzen wir eine \u00fcber 100-j\u00e4hrige Familientradition der Herstellung von Polierh\u00f6lzer fort.<\/p><p>Nach 1990 stellten wir von der Produktion von Holzn\u00e4geln f\u00fcr die Schuhindustrie auf die Produktion von Polierh\u00f6lzer um, die im Trommelpolierverfahren f\u00fcr Kunststoffprodukte verwendet werden, insbesondere bei der Herstellung von Kn\u00f6pfen und Brillengestellen.<\/p>\t\t\t\t\t\t<\/div>\n\t\t\t\t<\/div>\n\t\t\t\t<div class=\"elementor-element elementor-element-39499eaa elementor-widget elementor-widget-xts_button\" data-id=\"39499eaa\" data-element_type=\"widget\" data-widget_type=\"xts_button.default\">\n\t\t\t\t<div class=\"elementor-widget-container\">\n\t\t\t\t\t\t<div class=\"xts-button-wrapper xts-textalign-left\" >\r\n\t\t\t\t\t\t\t\t\t<a class=\"xts-button xts-size-m xts-style-default xts-color-primary xts-shape-round\"  href=\"\/de\/polierhoelzer\/\">\r\n\t\t\t\t\t\t<span class=\"xts-button-text\" data-elementor-setting-key=\"button_text\">\r\n\t\t\t\t\t\t\tUnser Angebot\t\t\t\t\t\t<\/span>\r\n\r\n\t\t\t\t\t\t\t\t\t\t\t<\/a>\r\n\t\t\t\t\t\t\t<\/div>\r\n\t\t\t\t<\/div>\n\t\t\t\t<\/div>\n\t\t\t\t\t<\/div>\n\t\t<\/div>\n\t\t\t\t<div class=\"elementor-column elementor-col-50 elementor-top-column elementor-element elementor-element-2468443\" data-id=\"2468443\" data-element_type=\"column\">\n\t\t\t<div class=\"elementor-widget-wrap elementor-element-populated\">\n\t\t\t\t\t\t<div class=\"elementor-element elementor-element-0fbc067 elementor-widget elementor-widget-xts_image\" data-id=\"0fbc067\" data-element_type=\"widget\" data-widget_type=\"xts_image.default\">\n\t\t\t\t<div class=\"elementor-widget-container\">\n\t\t\t\t\t\t<div class=\"xts-image-single xts-textalign-center\">\r\n\t\t\t\t<figure class=\"xts-image\">\r\n\t\t\t\t\t\t\t\t\t\t\t<div class=\"xts-image-inner\">\r\n\t\t\t\t\t\r\n\t\t\t\t\t\t<img fetchpriority=\"high\" decoding=\"async\" width=\"1400\" height=\"1050\" src=\"https:\/\/www.cvekarna.si\/wp-content\/uploads\/2021\/10\/Bostjan-Smuka-Malin-doo-1.jpg\" class=\"attachment-full size-full wp-image-3192\" alt=\"Bo\u0161tjan Smuk - Malin doo\" srcset=\"https:\/\/www.cvekarna.si\/wp-content\/uploads\/2021\/10\/Bostjan-Smuka-Malin-doo-1.jpg 1400w, https:\/\/www.cvekarna.si\/wp-content\/uploads\/2021\/10\/Bostjan-Smuka-Malin-doo-1-500x375.jpg 500w, https:\/\/www.cvekarna.si\/wp-content\/uploads\/2021\/10\/Bostjan-Smuka-Malin-doo-1-1024x768.jpg 1024w, https:\/\/www.cvekarna.si\/wp-content\/uploads\/2021\/10\/Bostjan-Smuka-Malin-doo-1-768x576.jpg 768w, https:\/\/www.cvekarna.si\/wp-content\/uploads\/2021\/10\/Bostjan-Smuka-Malin-doo-1-450x338.jpg 450w, https:\/\/www.cvekarna.si\/wp-content\/uploads\/2021\/10\/Bostjan-Smuka-Malin-doo-1-800x600.jpg 800w, https:\/\/www.cvekarna.si\/wp-content\/uploads\/2021\/10\/Bostjan-Smuka-Malin-doo-1-200x150.jpg 200w\" sizes=\"(max-width: 1400px) 100vw, 1400px\" \/>\r\n\t\t\t\t\t\t\t\t\t\t\t<\/div>\r\n\t\t\t\t\t\r\n\t\t\t\t\t\t\t\t\t<\/figure>\r\n\r\n\t\t\t\t\t\t\t<\/div>\r\n\t\t\t\t<\/div>\n\t\t\t\t<\/div>\n\t\t\t\t\t<\/div>\n\t\t<\/div>\n\t\t\t\t\t<\/div>\n\t\t<\/section>\n\t\t\t\t<section class=\"elementor-section elementor-top-section elementor-element elementor-element-27ce4f4 elementor-section-boxed elementor-section-height-default elementor-section-height-default xts-section-disabled\" data-id=\"27ce4f4\" data-element_type=\"section\">\n\t\t\t\t\t\t<div class=\"elementor-container elementor-column-gap-default\">\n\t\t\t\t\t<div class=\"elementor-column elementor-col-100 elementor-top-column elementor-element elementor-element-30b89252\" data-id=\"30b89252\" data-element_type=\"column\">\n\t\t\t<div class=\"elementor-widget-wrap elementor-element-populated\">\n\t\t\t\t\t\t<div class=\"elementor-element elementor-element-527dd26 elementor-widget elementor-widget-xts_image_gallery\" data-id=\"527dd26\" data-element_type=\"widget\" data-widget_type=\"xts_image_gallery.default\">\n\t\t\t\t<div class=\"elementor-widget-container\">\n\t\t\t\t\t\t<div class=\"xts-image-gallery xts-row xts-row-lg-3 xts-row-2 xts-row-spacing-20 xts-textalign-center xts-items-start xts-photoswipe-images xts-lightbox-gallery xts-caption-lightbox xts-autoplay-animations-off\"  data-animation-delay=\"\">\r\n\t\t\t\t\t\t\t\t\t\t\t\t\t\t<div class=\"xts-col\">\r\n\t\t\t\t\t\t\t\t\t\t\t\t\t<figure class=\"xts-image\">\r\n\t\t\t\t\t\t\t\t\t\t\t\t\t\t\t\t\t<a  href=\"https:\/\/www.cvekarna.si\/wp-content\/uploads\/2023\/12\/malin-doo-39-1.jpg\" class=\"xts-image-inner\"data-width=\"1400\" data-height=\"1050\" data-index=\"0\" data-elementor-open-lightbox=\"no\">\r\n\t\t\t\t\t\t\t\t\r\n\t\t\t\t\t\t\t\t\t<img decoding=\"async\" src=\"https:\/\/www.cvekarna.si\/wp-content\/uploads\/elementor\/thumbs\/malin-doo-39-1-qgsuwaeauhs929y8it5k36w7n8sxupkvmxx29iiego.jpg\"  title=\"\" alt=\"malin-doo-39.jpg\">\r\n\t\t\t\t\t\t\t\t\t\t\t\t\t\t\t\t\t<\/a>\r\n\t\t\t\t\t\t\t\t\r\n\t\t\t\t\t\t\t\t\t\t\t\t\t\t\t<\/figure>\r\n\r\n\t\t\t\t\t\t\t\t\t\t\t\t\t\t\t\t\t\t<\/div>\r\n\r\n\t\t\t\t\t\r\n\t\t\t\t\t\t\t\t\t\t\t\t\t\t<div class=\"xts-col\">\r\n\t\t\t\t\t\t\t\t\t\t\t\t\t<figure class=\"xts-image\">\r\n\t\t\t\t\t\t\t\t\t\t\t\t\t\t\t\t\t<a  href=\"https:\/\/www.cvekarna.si\/wp-content\/uploads\/2023\/12\/malin-doo-53-1-1-1.jpg\" class=\"xts-image-inner\"data-width=\"1400\" data-height=\"1050\" data-index=\"1\" data-elementor-open-lightbox=\"no\">\r\n\t\t\t\t\t\t\t\t\r\n\t\t\t\t\t\t\t\t\t<img decoding=\"async\" src=\"https:\/\/www.cvekarna.si\/wp-content\/uploads\/elementor\/thumbs\/malin-doo-53-1-1-1-qgsuwc9z85utphvi7tyt86f4u0joa3scb78182fm48.jpg\"  title=\"\" alt=\"malin-doo-53-1-1.jpg\">\r\n\t\t\t\t\t\t\t\t\t\t\t\t\t\t\t\t\t<\/a>\r\n\t\t\t\t\t\t\t\t\r\n\t\t\t\t\t\t\t\t\t\t\t\t\t\t\t<\/figure>\r\n\r\n\t\t\t\t\t\t\t\t\t\t\t\t\t\t\t\t\t\t<\/div>\r\n\r\n\t\t\t\t\t\r\n\t\t\t\t\t\t\t\t\t\t\t\t\t\t<div class=\"xts-col\">\r\n\t\t\t\t\t\t\t\t\t\t\t\t\t<figure class=\"xts-image\">\r\n\t\t\t\t\t\t\t\t\t\t\t\t\t\t\t\t\t<a  href=\"https:\/\/www.cvekarna.si\/wp-content\/uploads\/2023\/12\/malin-doo-48-1-1.jpg\" class=\"xts-image-inner\"data-width=\"1400\" data-height=\"1050\" data-index=\"2\" data-elementor-open-lightbox=\"no\">\r\n\t\t\t\t\t\t\t\t\r\n\t\t\t\t\t\t\t\t\t<img decoding=\"async\" src=\"https:\/\/www.cvekarna.si\/wp-content\/uploads\/elementor\/thumbs\/malin-doo-48-1-1-qgsuwd7tezw413u52cdfso6lfef1hsw2nbvipce7y0.jpg\"  title=\"\" alt=\"malin-doo-48-1.jpg\">\r\n\t\t\t\t\t\t\t\t\t\t\t\t\t\t\t\t\t<\/a>\r\n\t\t\t\t\t\t\t\t\r\n\t\t\t\t\t\t\t\t\t\t\t\t\t\t\t<\/figure>\r\n\r\n\t\t\t\t\t\t\t\t\t\t\t\t\t\t\t\t\t\t<\/div>\r\n\r\n\t\t\t\t\t\r\n\t\t\t\t\t\t\t\t\t\t\t\t\t\t<div class=\"xts-col\">\r\n\t\t\t\t\t\t\t\t\t\t\t\t\t<figure class=\"xts-image\">\r\n\t\t\t\t\t\t\t\t\t\t\t\t\t\t\t\t\t<a  href=\"https:\/\/www.cvekarna.si\/wp-content\/uploads\/2023\/12\/malin-doo-28-1-1.jpg\" class=\"xts-image-inner\"data-width=\"1400\" data-height=\"1050\" data-index=\"3\" data-elementor-open-lightbox=\"no\">\r\n\t\t\t\t\t\t\t\t\r\n\t\t\t\t\t\t\t\t\t<img decoding=\"async\" src=\"https:\/\/www.cvekarna.si\/wp-content\/uploads\/elementor\/thumbs\/malin-doo-28-1-1-qgsuwf3hsnyoobrerd6oxnpim65rx73jbl6hnwbflk.jpg\"  title=\"\" alt=\"malin-doo-28-1.jpg\">\r\n\t\t\t\t\t\t\t\t\t\t\t\t\t\t\t\t\t<\/a>\r\n\t\t\t\t\t\t\t\t\r\n\t\t\t\t\t\t\t\t\t\t\t\t\t\t\t<\/figure>\r\n\r\n\t\t\t\t\t\t\t\t\t\t\t\t\t\t\t\t\t\t<\/div>\r\n\r\n\t\t\t\t\t\r\n\t\t\t\t\t\t\t\t\t\t\t\t\t\t<div class=\"xts-col\">\r\n\t\t\t\t\t\t\t\t\t\t\t\t\t<figure class=\"xts-image\">\r\n\t\t\t\t\t\t\t\t\t\t\t\t\t\t\t\t\t<a  href=\"https:\/\/www.cvekarna.si\/wp-content\/uploads\/2023\/12\/malin-doo-37-1-1.jpg\" class=\"xts-image-inner\"data-width=\"1400\" data-height=\"1050\" data-index=\"4\" data-elementor-open-lightbox=\"no\">\r\n\t\t\t\t\t\t\t\t\r\n\t\t\t\t\t\t\t\t\t<img decoding=\"async\" src=\"https:\/\/www.cvekarna.si\/wp-content\/uploads\/elementor\/thumbs\/malin-doo-37-1-1-qgsuwg1bzhzyzxq1lvlbi5gz7k154w79nptz56a1fc.jpg\"  title=\"\" alt=\"malin-doo-37-1.jpg\">\r\n\t\t\t\t\t\t\t\t\t\t\t\t\t\t\t\t\t<\/a>\r\n\t\t\t\t\t\t\t\t\r\n\t\t\t\t\t\t\t\t\t\t\t\t\t\t\t<\/figure>\r\n\r\n\t\t\t\t\t\t\t\t\t\t\t\t\t\t\t\t\t\t<\/div>\r\n\r\n\t\t\t\t\t\r\n\t\t\t\t\t\t\t\t\t\t\t\t\t\t<div class=\"xts-col\">\r\n\t\t\t\t\t\t\t\t\t\t\t\t\t<figure class=\"xts-image\">\r\n\t\t\t\t\t\t\t\t\t\t\t\t\t\t\t\t\t<a  href=\"https:\/\/www.cvekarna.si\/wp-content\/uploads\/2023\/12\/malin-doo-45-1.jpg\" class=\"xts-image-inner\"data-width=\"1400\" data-height=\"1050\" data-index=\"5\" data-elementor-open-lightbox=\"no\">\r\n\t\t\t\t\t\t\t\t\r\n\t\t\t\t\t\t\t\t\t<img decoding=\"async\" src=\"https:\/\/www.cvekarna.si\/wp-content\/uploads\/elementor\/thumbs\/malin-doo-45-1-qgsuwhx0d62jn5nbawekn4zwebrvkaeqbz4y3q792w.jpg\"  title=\"\" alt=\"malin-doo-45.jpg\">\r\n\t\t\t\t\t\t\t\t\t\t\t\t\t\t\t\t\t<\/a>\r\n\t\t\t\t\t\t\t\t\r\n\t\t\t\t\t\t\t\t\t\t\t\t\t\t\t<\/figure>\r\n\r\n\t\t\t\t\t\t\t\t\t\t\t\t\t\t\t\t\t\t<\/div>\r\n\r\n\t\t\t\t\t\r\n\t\t\t\t\t\t\t\t\t\t\t\t\t\t<div class=\"xts-col\">\r\n\t\t\t\t\t\t\t\t\t\t\t\t\t<figure class=\"xts-image\">\r\n\t\t\t\t\t\t\t\t\t\t\t\t\t\t\t\t\t<a  href=\"https:\/\/www.cvekarna.si\/wp-content\/uploads\/2023\/12\/malin-doo-01-2-1.jpg\" class=\"xts-image-inner\"data-width=\"1400\" data-height=\"1050\" data-index=\"6\" data-elementor-open-lightbox=\"no\">\r\n\t\t\t\t\t\t\t\t\r\n\t\t\t\t\t\t\t\t\t<img decoding=\"async\" src=\"https:\/\/www.cvekarna.si\/wp-content\/uploads\/elementor\/thumbs\/malin-doo-01-2-1-qgsuwiuuk03tyrly5et77mrczpn8rzigo3sfl05uwo.jpg\"  title=\"\" alt=\"malin-doo-01-2.jpg\">\r\n\t\t\t\t\t\t\t\t\t\t\t\t\t\t\t\t\t<\/a>\r\n\t\t\t\t\t\t\t\t\r\n\t\t\t\t\t\t\t\t\t\t\t\t\t\t\t<\/figure>\r\n\r\n\t\t\t\t\t\t\t\t\t\t\t\t\t\t\t\t\t\t<\/div>\r\n\r\n\t\t\t\t\t\r\n\t\t\t\t\t\t\t\t\t\t\t\t\t\t<div class=\"xts-col\">\r\n\t\t\t\t\t\t\t\t\t\t\t\t\t<figure class=\"xts-image\">\r\n\t\t\t\t\t\t\t\t\t\t\t\t\t\t\t\t\t<a  href=\"https:\/\/www.cvekarna.si\/wp-content\/uploads\/2023\/12\/malin-doo-42-1.jpg\" class=\"xts-image-inner\"data-width=\"1400\" data-height=\"1050\" data-index=\"7\" data-elementor-open-lightbox=\"no\">\r\n\t\t\t\t\t\t\t\t\r\n\t\t\t\t\t\t\t\t\t<img decoding=\"async\" src=\"https:\/\/www.cvekarna.si\/wp-content\/uploads\/elementor\/thumbs\/malin-doo-42-1-qgsuwkqixo6elzj7ufmgcmaa6hdz7dpxcd3ejk32k8.jpg\"  title=\"\" alt=\"malin-doo-42.jpg\">\r\n\t\t\t\t\t\t\t\t\t\t\t\t\t\t\t\t\t<\/a>\r\n\t\t\t\t\t\t\t\t\r\n\t\t\t\t\t\t\t\t\t\t\t\t\t\t\t<\/figure>\r\n\r\n\t\t\t\t\t\t\t\t\t\t\t\t\t\t\t\t\t\t<\/div>\r\n\r\n\t\t\t\t\t\r\n\t\t\t\t\t\t\t\t\t\t\t\t\t\t<div class=\"xts-col\">\r\n\t\t\t\t\t\t\t\t\t\t\t\t\t<figure class=\"xts-image\">\r\n\t\t\t\t\t\t\t\t\t\t\t\t\t\t\t\t\t<a  href=\"https:\/\/www.cvekarna.si\/wp-content\/uploads\/2023\/12\/malin-doo-54-1.jpg\" class=\"xts-image-inner\"data-width=\"1400\" data-height=\"1050\" data-index=\"8\" data-elementor-open-lightbox=\"no\">\r\n\t\t\t\t\t\t\t\t\r\n\t\t\t\t\t\t\t\t\t<img decoding=\"async\" src=\"https:\/\/www.cvekarna.si\/wp-content\/uploads\/elementor\/thumbs\/malin-doo-54-1-qgsuwlod4i7oxlhuoy12x41qrv9cf2tnohqw0u1oe0.jpg\"  title=\"\" alt=\"malin-doo-54.jpg\">\r\n\t\t\t\t\t\t\t\t\t\t\t\t\t\t\t\t\t<\/a>\r\n\t\t\t\t\t\t\t\t\r\n\t\t\t\t\t\t\t\t\t\t\t\t\t\t\t<\/figure>\r\n\r\n\t\t\t\t\t\t\t\t\t\t\t\t\t\t\t\t\t\t<\/div>\r\n\r\n\t\t\t\t\t\r\n\t\t\t\t\t\t\t<\/div>\r\n\r\n\t\t\t\t\t\t\t<\/div>\n\t\t\t\t<\/div>\n\t\t\t\t\t<\/div>\n\t\t<\/div>\n\t\t\t\t\t<\/div>\n\t\t<\/section>\n\t\t\t\t<section class=\"elementor-section elementor-top-section elementor-element elementor-element-72a239ab elementor-section-content-middle elementor-section-boxed elementor-section-height-default elementor-section-height-default xts-section-disabled\" data-id=\"72a239ab\" data-element_type=\"section\">\n\t\t\t\t\t\t<div class=\"elementor-container elementor-column-gap-extended\">\n\t\t\t\t\t<div class=\"elementor-column elementor-col-66 elementor-top-column elementor-element elementor-element-6f75402d\" data-id=\"6f75402d\" data-element_type=\"column\">\n\t\t\t<div class=\"elementor-widget-wrap elementor-element-populated\">\n\t\t\t\t\t\t<div class=\"elementor-element elementor-element-27bfd169 elementor-widget elementor-widget-image\" data-id=\"27bfd169\" data-element_type=\"widget\" data-widget_type=\"image.default\">\n\t\t\t\t<div class=\"elementor-widget-container\">\n\t\t\t\t\t\t\t\t\t\t\t\t\t\t<a href=\"https:\/\/goo.gl\/maps\/BVTKcee5WLWnU78e9\" target=\"_blank\" rel=\"nofollow\">\n\t\t\t\t\t\t\t<img decoding=\"async\" width=\"1515\" height=\"872\" src=\"https:\/\/www.cvekarna.si\/wp-content\/uploads\/2023\/12\/cvekarna-doo-lokacija-map.jpg\" class=\"attachment-full size-full wp-image-5101\" alt=\"\" srcset=\"https:\/\/www.cvekarna.si\/wp-content\/uploads\/2023\/12\/cvekarna-doo-lokacija-map.jpg 1515w, https:\/\/www.cvekarna.si\/wp-content\/uploads\/2023\/12\/cvekarna-doo-lokacija-map-500x288.jpg 500w, https:\/\/www.cvekarna.si\/wp-content\/uploads\/2023\/12\/cvekarna-doo-lokacija-map-1024x589.jpg 1024w, https:\/\/www.cvekarna.si\/wp-content\/uploads\/2023\/12\/cvekarna-doo-lokacija-map-768x442.jpg 768w\" sizes=\"(max-width: 1515px) 100vw, 1515px\" \/>\t\t\t\t\t\t\t\t<\/a>\n\t\t\t\t\t\t\t\t\t\t\t\t\t<\/div>\n\t\t\t\t<\/div>\n\t\t\t\t<div class=\"elementor-element elementor-element-104aa21 xts-scheme-inherit xts-textalign-inherit elementor-widget elementor-widget-text-editor\" data-id=\"104aa21\" data-element_type=\"widget\" data-widget_type=\"text-editor.default\">\n\t\t\t\t<div class=\"elementor-widget-container\">\n\t\t\t\t\t\t\t<p>\u00a9 Google maps<\/p>\t\t\t\t\t\t<\/div>\n\t\t\t\t<\/div>\n\t\t\t\t\t<\/div>\n\t\t<\/div>\n\t\t\t\t<div class=\"elementor-column elementor-col-33 elementor-top-column elementor-element elementor-element-6d66960a\" data-id=\"6d66960a\" data-element_type=\"column\">\n\t\t\t<div class=\"elementor-widget-wrap elementor-element-populated\">\n\t\t\t\t\t\t<div class=\"elementor-element elementor-element-566b51c7 elementor-widget elementor-widget-xts_title\" data-id=\"566b51c7\" data-element_type=\"widget\" data-widget_type=\"xts_title.default\">\n\t\t\t\t<div class=\"elementor-widget-container\">\n\t\t\t\t\t\t<div class=\"xts-section-heading xts-reset-mb-10 xts-reset-last xts-textalign-left\" data-animation-delay=\"\">\r\n\t\t\t\t\r\n\t\t\t\t\t\t\t\t\t<h4 class=\"xts-section-title title xts-design-default xts-fontsize-xl\">\r\n\t\t\t\t\t\t<span class=\"xts-section-title-text\" data-elementor-setting-key=\"title\">\r\n\t\t\t\t\t\t\tCvekarna d.o.o.\t\t\t\t\t\t<\/span>\r\n\r\n\t\t\t\t\t\t\t\t\t\t\t<\/h4>\r\n\t\t\t\t\r\n\t\t\t\t\r\n\t\t\t\t\t\t\t\t\t<div class=\"xts-section-desc\">\r\n\t\t\t\t\t\t<div class=\"xts-section-desc-text xts-reset-all-last\" data-elementor-setting-key=\"description\">\r\n\t\t\t\t\t\t\t<p>Adresse:<br \/>Retnje 44a, 4294 Kri\u017ee, Slowenien, EU<\/p><p>Telefon:<br \/>+386 40 678 081<\/p><p>E-Mail:<br \/>info@cvekarna.si<\/p>\t\t\t\t\t\t<\/div>\r\n\t\t\t\t\t<\/div>\r\n\t\t\t\t\t\t\t<\/div>\r\n\t\t\t\t<\/div>\n\t\t\t\t<\/div>\n\t\t\t\t\t<\/div>\n\t\t<\/div>\n\t\t\t\t\t<\/div>\n\t\t<\/section>\n\t\t\t\t<\/div>\n\t\t","protected":false},"excerpt":{"rendered":"<p>\u00dcber uns Das Unternehmen Cvekarna d.o.o. ist im Bereich Holzverarbeitung t\u00e4tig Seit der Gr\u00fcndung des Unternehmens im Jahr 2005 setzen wir eine \u00fcber 100-j\u00e4hrige Familientradition der Herstellung von Polierh\u00f6lzer fort. Nach 1990 stellten wir von der Produktion von Holzn\u00e4geln f\u00fcr die Schuhindustrie auf die Produktion von Polierh\u00f6lzer um, die im Trommelpolierverfahren f\u00fcr Kunststoffprodukte verwendet werden, [&hellip;]<\/p>\n","protected":false},"author":1,"featured_media":0,"parent":0,"menu_order":0,"comment_status":"closed","ping_status":"closed","template":"","meta":{"iawp_total_views":13,"footnotes":""},"class_list":["post-4773","page","type-page","status-publish","hentry"],"yoast_head":"<!-- This site is optimized with the Yoast SEO plugin v24.0 - https:\/\/yoast.com\/wordpress\/plugins\/seo\/ -->\n<title>\u00dcber uns - Cvekarna.si - Lesna galanterija<\/title>\n<meta name=\"robots\" content=\"index, follow, max-snippet:-1, max-image-preview:large, max-video-preview:-1\" \/>\n<link rel=\"canonical\" href=\"https:\/\/www.cvekarna.si\/de\/ueber-uns\/\" \/>\n<meta property=\"og:locale\" content=\"de_DE\" \/>\n<meta property=\"og:type\" content=\"article\" \/>\n<meta property=\"og:title\" content=\"\u00dcber uns - Cvekarna.si - Lesna galanterija\" \/>\n<meta property=\"og:description\" content=\"\u00dcber uns Das Unternehmen Cvekarna d.o.o. ist im Bereich Holzverarbeitung t\u00e4tig Seit der Gr\u00fcndung des Unternehmens im Jahr 2005 setzen wir eine \u00fcber 100-j\u00e4hrige Familientradition der Herstellung von Polierh\u00f6lzer fort. Nach 1990 stellten wir von der Produktion von Holzn\u00e4geln f\u00fcr die Schuhindustrie auf die Produktion von Polierh\u00f6lzer um, die im Trommelpolierverfahren f\u00fcr Kunststoffprodukte verwendet werden, [&hellip;]\" \/>\n<meta property=\"og:url\" content=\"https:\/\/www.cvekarna.si\/de\/ueber-uns\/\" \/>\n<meta property=\"og:site_name\" content=\"Cvekarna.si - Lesna galanterija\" \/>\n<meta property=\"article:modified_time\" content=\"2023-12-14T13:26:50+00:00\" \/>\n<meta property=\"og:image\" content=\"https:\/\/www.cvekarna.si\/wp-content\/uploads\/2021\/10\/Bostjan-Smuka-Malin-doo-1.jpg\" \/>\n<meta name=\"twitter:card\" content=\"summary_large_image\" \/>\n<meta name=\"twitter:label1\" content=\"Gesch\u00e4tzte Lesezeit\" \/>\n\t<meta name=\"twitter:data1\" content=\"3\u00a0Minuten\" \/>\n<script type=\"application\/ld+json\" class=\"yoast-schema-graph\">{\"@context\":\"https:\/\/schema.org\",\"@graph\":[{\"@type\":\"WebPage\",\"@id\":\"https:\/\/www.cvekarna.si\/de\/ueber-uns\/\",\"url\":\"https:\/\/www.cvekarna.si\/de\/ueber-uns\/\",\"name\":\"\u00dcber uns - Cvekarna.si - Lesna galanterija\",\"isPartOf\":{\"@id\":\"https:\/\/www.cvekarna.si\/de\/#website\"},\"primaryImageOfPage\":{\"@id\":\"https:\/\/www.cvekarna.si\/de\/ueber-uns\/#primaryimage\"},\"image\":{\"@id\":\"https:\/\/www.cvekarna.si\/de\/ueber-uns\/#primaryimage\"},\"thumbnailUrl\":\"https:\/\/www.cvekarna.si\/wp-content\/uploads\/2021\/10\/Bostjan-Smuka-Malin-doo-1.jpg\",\"datePublished\":\"2019-06-19T10:15:40+00:00\",\"dateModified\":\"2023-12-14T13:26:50+00:00\",\"breadcrumb\":{\"@id\":\"https:\/\/www.cvekarna.si\/de\/ueber-uns\/#breadcrumb\"},\"inLanguage\":\"de\",\"potentialAction\":[{\"@type\":\"ReadAction\",\"target\":[\"https:\/\/www.cvekarna.si\/de\/ueber-uns\/\"]}]},{\"@type\":\"ImageObject\",\"inLanguage\":\"de\",\"@id\":\"https:\/\/www.cvekarna.si\/de\/ueber-uns\/#primaryimage\",\"url\":\"https:\/\/www.cvekarna.si\/wp-content\/uploads\/2021\/10\/Bostjan-Smuka-Malin-doo-1.jpg\",\"contentUrl\":\"https:\/\/www.cvekarna.si\/wp-content\/uploads\/2021\/10\/Bostjan-Smuka-Malin-doo-1.jpg\"},{\"@type\":\"BreadcrumbList\",\"@id\":\"https:\/\/www.cvekarna.si\/de\/ueber-uns\/#breadcrumb\",\"itemListElement\":[{\"@type\":\"ListItem\",\"position\":1,\"name\":\"Home\",\"item\":\"https:\/\/www.cvekarna.si\/de\/\"},{\"@type\":\"ListItem\",\"position\":2,\"name\":\"\u00dcber uns\"}]},{\"@type\":\"WebSite\",\"@id\":\"https:\/\/www.cvekarna.si\/de\/#website\",\"url\":\"https:\/\/www.cvekarna.si\/de\/\",\"name\":\"Cvekarna.si - Lesna galanterija\",\"description\":\"Proizvodnja lesenih klinov za uporabo v procesu bobnastega poliranja plasti\u010dnih izdelkov\",\"publisher\":{\"@id\":\"https:\/\/www.cvekarna.si\/de\/#organization\"},\"potentialAction\":[{\"@type\":\"SearchAction\",\"target\":{\"@type\":\"EntryPoint\",\"urlTemplate\":\"https:\/\/www.cvekarna.si\/de\/?s={search_term_string}\"},\"query-input\":{\"@type\":\"PropertyValueSpecification\",\"valueRequired\":true,\"valueName\":\"search_term_string\"}}],\"inLanguage\":\"de\"},{\"@type\":\"Organization\",\"@id\":\"https:\/\/www.cvekarna.si\/de\/#organization\",\"name\":\"Malin d.o.o.\",\"url\":\"https:\/\/www.cvekarna.si\/de\/\",\"logo\":{\"@type\":\"ImageObject\",\"inLanguage\":\"de\",\"@id\":\"https:\/\/www.cvekarna.si\/de\/#\/schema\/logo\/image\/\",\"url\":\"https:\/\/cvekarna.si\/wp-content\/uploads\/2021\/10\/malin-doo-header.png\",\"contentUrl\":\"https:\/\/cvekarna.si\/wp-content\/uploads\/2021\/10\/malin-doo-header.png\",\"width\":428,\"height\":150,\"caption\":\"Malin d.o.o.\"},\"image\":{\"@id\":\"https:\/\/www.cvekarna.si\/de\/#\/schema\/logo\/image\/\"}}]}<\/script>\n<!-- \/ Yoast SEO plugin. -->","yoast_head_json":{"title":"\u00dcber uns - Cvekarna.si - Lesna galanterija","robots":{"index":"index","follow":"follow","max-snippet":"max-snippet:-1","max-image-preview":"max-image-preview:large","max-video-preview":"max-video-preview:-1"},"canonical":"https:\/\/www.cvekarna.si\/de\/ueber-uns\/","og_locale":"de_DE","og_type":"article","og_title":"\u00dcber uns - Cvekarna.si - Lesna galanterija","og_description":"\u00dcber uns Das Unternehmen Cvekarna d.o.o. ist im Bereich Holzverarbeitung t\u00e4tig Seit der Gr\u00fcndung des Unternehmens im Jahr 2005 setzen wir eine \u00fcber 100-j\u00e4hrige Familientradition der Herstellung von Polierh\u00f6lzer fort. Nach 1990 stellten wir von der Produktion von Holzn\u00e4geln f\u00fcr die Schuhindustrie auf die Produktion von Polierh\u00f6lzer um, die im Trommelpolierverfahren f\u00fcr Kunststoffprodukte verwendet werden, [&hellip;]","og_url":"https:\/\/www.cvekarna.si\/de\/ueber-uns\/","og_site_name":"Cvekarna.si - Lesna galanterija","article_modified_time":"2023-12-14T13:26:50+00:00","og_image":[{"url":"https:\/\/www.cvekarna.si\/wp-content\/uploads\/2021\/10\/Bostjan-Smuka-Malin-doo-1.jpg","type":"","width":"","height":""}],"twitter_card":"summary_large_image","twitter_misc":{"Gesch\u00e4tzte Lesezeit":"3\u00a0Minuten"},"schema":{"@context":"https:\/\/schema.org","@graph":[{"@type":"WebPage","@id":"https:\/\/www.cvekarna.si\/de\/ueber-uns\/","url":"https:\/\/www.cvekarna.si\/de\/ueber-uns\/","name":"\u00dcber uns - Cvekarna.si - Lesna galanterija","isPartOf":{"@id":"https:\/\/www.cvekarna.si\/de\/#website"},"primaryImageOfPage":{"@id":"https:\/\/www.cvekarna.si\/de\/ueber-uns\/#primaryimage"},"image":{"@id":"https:\/\/www.cvekarna.si\/de\/ueber-uns\/#primaryimage"},"thumbnailUrl":"https:\/\/www.cvekarna.si\/wp-content\/uploads\/2021\/10\/Bostjan-Smuka-Malin-doo-1.jpg","datePublished":"2019-06-19T10:15:40+00:00","dateModified":"2023-12-14T13:26:50+00:00","breadcrumb":{"@id":"https:\/\/www.cvekarna.si\/de\/ueber-uns\/#breadcrumb"},"inLanguage":"de","potentialAction":[{"@type":"ReadAction","target":["https:\/\/www.cvekarna.si\/de\/ueber-uns\/"]}]},{"@type":"ImageObject","inLanguage":"de","@id":"https:\/\/www.cvekarna.si\/de\/ueber-uns\/#primaryimage","url":"https:\/\/www.cvekarna.si\/wp-content\/uploads\/2021\/10\/Bostjan-Smuka-Malin-doo-1.jpg","contentUrl":"https:\/\/www.cvekarna.si\/wp-content\/uploads\/2021\/10\/Bostjan-Smuka-Malin-doo-1.jpg"},{"@type":"BreadcrumbList","@id":"https:\/\/www.cvekarna.si\/de\/ueber-uns\/#breadcrumb","itemListElement":[{"@type":"ListItem","position":1,"name":"Home","item":"https:\/\/www.cvekarna.si\/de\/"},{"@type":"ListItem","position":2,"name":"\u00dcber uns"}]},{"@type":"WebSite","@id":"https:\/\/www.cvekarna.si\/de\/#website","url":"https:\/\/www.cvekarna.si\/de\/","name":"Cvekarna.si - Lesna galanterija","description":"Proizvodnja lesenih klinov za uporabo v procesu bobnastega poliranja plasti\u010dnih izdelkov","publisher":{"@id":"https:\/\/www.cvekarna.si\/de\/#organization"},"potentialAction":[{"@type":"SearchAction","target":{"@type":"EntryPoint","urlTemplate":"https:\/\/www.cvekarna.si\/de\/?s={search_term_string}"},"query-input":{"@type":"PropertyValueSpecification","valueRequired":true,"valueName":"search_term_string"}}],"inLanguage":"de"},{"@type":"Organization","@id":"https:\/\/www.cvekarna.si\/de\/#organization","name":"Malin d.o.o.","url":"https:\/\/www.cvekarna.si\/de\/","logo":{"@type":"ImageObject","inLanguage":"de","@id":"https:\/\/www.cvekarna.si\/de\/#\/schema\/logo\/image\/","url":"https:\/\/cvekarna.si\/wp-content\/uploads\/2021\/10\/malin-doo-header.png","contentUrl":"https:\/\/cvekarna.si\/wp-content\/uploads\/2021\/10\/malin-doo-header.png","width":428,"height":150,"caption":"Malin d.o.o."},"image":{"@id":"https:\/\/www.cvekarna.si\/de\/#\/schema\/logo\/image\/"}}]}},"_links":{"self":[{"href":"https:\/\/www.cvekarna.si\/de\/wp-json\/wp\/v2\/pages\/4773","targetHints":{"allow":["GET"]}}],"collection":[{"href":"https:\/\/www.cvekarna.si\/de\/wp-json\/wp\/v2\/pages"}],"about":[{"href":"https:\/\/www.cvekarna.si\/de\/wp-json\/wp\/v2\/types\/page"}],"author":[{"embeddable":true,"href":"https:\/\/www.cvekarna.si\/de\/wp-json\/wp\/v2\/users\/1"}],"replies":[{"embeddable":true,"href":"https:\/\/www.cvekarna.si\/de\/wp-json\/wp\/v2\/comments?post=4773"}],"version-history":[{"count":23,"href":"https:\/\/www.cvekarna.si\/de\/wp-json\/wp\/v2\/pages\/4773\/revisions"}],"predecessor-version":[{"id":5396,"href":"https:\/\/www.cvekarna.si\/de\/wp-json\/wp\/v2\/pages\/4773\/revisions\/5396"}],"wp:attachment":[{"href":"https:\/\/www.cvekarna.si\/de\/wp-json\/wp\/v2\/media?parent=4773"}],"curies":[{"name":"wp","href":"https:\/\/api.w.org\/{rel}","templated":true}]}}